{"id":733,"date":"2021-02-18T17:17:18","date_gmt":"2021-02-18T17:17:18","guid":{"rendered":"https:\/\/peraltosalud.com\/?page_id=733"},"modified":"2021-06-23T15:44:34","modified_gmt":"2021-06-23T15:44:34","slug":"promociones-del-mes","status":"publish","type":"page","link":"https:\/\/www.peraltosalud.com\/?page_id=733","title":{"rendered":"Promociones del mes"},"content":{"rendered":"\t\t<div data-elementor-type=\"wp-page\" data-elementor-id=\"733\" class=\"elementor elementor-733\" data-elementor-settings=\"[]\">\n\t\t\t\t\t\t<div class=\"elementor-inner\">\n\t\t\t\t\t\t\t<div class=\"elementor-section-wrap\">\n\t\t\t\t\t\t\t<section class=\"elementor-section elementor-top-section elementor-element elementor-element-da0c6d4 elementor-section-boxed elementor-section-height-default elementor-section-height-default\" data-id=\"da0c6d4\" data-element_type=\"section\">\n\t\t\t\t\t\t<div class=\"elementor-container elementor-column-gap-default\">\n\t\t\t\t\t\t\t<div class=\"elementor-row\">\n\t\t\t\t\t<div class=\"elementor-column elementor-col-50 elementor-top-column elementor-element elementor-element-1060a84\" data-id=\"1060a84\" data-element_type=\"column\">\n\t\t\t<div class=\"elementor-column-wrap elementor-element-populated\">\n\t\t\t\t\t\t\t<div class=\"elementor-widget-wrap\">\n\t\t\t\t\t\t<div class=\"elementor-element elementor-element-782ece6 elementor-headline--style-highlight elementor-widget elementor-widget-animated-headline\" data-id=\"782ece6\" data-element_type=\"widget\" data-settings=\"{&quot;highlighted_text&quot;:&quot;Destacada&quot;,&quot;headline_style&quot;:&quot;highlight&quot;,&quot;marker&quot;:&quot;circle&quot;}\" data-widget_type=\"animated-headline.default\">\n\t\t\t\t<div class=\"elementor-widget-container\">\n\t\t\t\t\t<h3 class=\"elementor-headline\">\n\t\t\t\t\t\t\t<span class=\"elementor-headline-plain-text elementor-headline-text-wrapper\">Promoci\u00f3n<\/span>\n\t\t\t\t\t\t<span class=\"elementor-headline-dynamic-wrapper elementor-headline-text-wrapper\"><\/span>\n\t\t\t\t\t<\/h3>\n\t\t\t\t<\/div>\n\t\t\t\t<\/div>\n\t\t\t\t\t\t<\/div>\n\t\t\t\t\t<\/div>\n\t\t<\/div>\n\t\t\t\t<div class=\"elementor-column elementor-col-50 elementor-top-column elementor-element elementor-element-b44672d\" data-id=\"b44672d\" data-element_type=\"column\">\n\t\t\t<div class=\"elementor-column-wrap elementor-element-populated\">\n\t\t\t\t\t\t\t<div class=\"elementor-widget-wrap\">\n\t\t\t\t\t\t<div class=\"elementor-element elementor-element-d244b2e elementor-blockquote--skin-quotation elementor-blockquote--align-center elementor-blockquote--button-color-official elementor-widget elementor-widget-blockquote\" data-id=\"d244b2e\" data-element_type=\"widget\" data-widget_type=\"blockquote.default\">\n\t\t\t\t<div class=\"elementor-widget-container\">\n\t\t\t\t\t<blockquote class=\"elementor-blockquote\">\n\t\t\t<p class=\"elementor-blockquote__content\">\n\t\t\t\tD\u00e9janos que cuidemos de tu salud. Tenemos preparado para t\u00ed grandes ventajas y beneficios, porque queremos cuidar de nuestros clientes y haceros sentir parte de nuestra gran familia.\t\t\t<\/p>\n\t\t\t\t\t\t\t<footer>\n\t\t\t\t\t\t\t\t\t\t\t<cite class=\"elementor-blockquote__author\">Farmacia Peralto Linares<\/cite>\n\t\t\t\t\t\t\t\t\t\t\t\t\t\t<\/footer>\n\t\t\t\t\t<\/blockquote>\n\t\t\t\t<\/div>\n\t\t\t\t<\/div>\n\t\t\t\t\t\t<\/div>\n\t\t\t\t\t<\/div>\n\t\t<\/div>\n\t\t\t\t\t\t\t\t<\/div>\n\t\t\t\t\t<\/div>\n\t\t<\/section>\n\t\t\t\t<section class=\"elementor-section elementor-top-section elementor-element elementor-element-be86f0d elementor-section-boxed elementor-section-height-default elementor-section-height-default\" data-id=\"be86f0d\" data-element_type=\"section\">\n\t\t\t\t\t\t<div class=\"elementor-container elementor-column-gap-default\">\n\t\t\t\t\t\t\t<div class=\"elementor-row\">\n\t\t\t\t\t<div class=\"elementor-column elementor-col-100 elementor-top-column elementor-element elementor-element-4b43bf6\" data-id=\"4b43bf6\" data-element_type=\"column\">\n\t\t\t<div class=\"elementor-column-wrap elementor-element-populated\">\n\t\t\t\t\t\t\t<div class=\"elementor-widget-wrap\">\n\t\t\t\t\t\t<div class=\"elementor-element elementor-element-2a472ea elementor-align-left elementor-widget elementor-widget-bdevs-services\" data-id=\"2a472ea\" data-element_type=\"widget\" data-widget_type=\"bdevs-services.default\">\n\t\t\t\t<div class=\"elementor-widget-container\">\n\t\t\t\t\t\t\t<!-- services-area -->\r\n        <section id=\"services\" class=\"services-area services-bg services-two pt-100\"  style=\"background-image:url(); background-size: contain; background-repeat: no-repeat;background-position: center center;\">\r\n            <div class=\"container\">\r\n                <div class=\"row justify-content-center\">\r\n                    <div class=\"col-xl-8 col-lg-8\">\r\n                        <div class=\"section-title text-center pl-40 pr-40 mb-80\" >\r\n                        \t                            <span> Y adem\u00e1s...<\/span>\r\n                        \t                                                        <h2>M\u00e1s promociones<\/h2>\r\n                                                                                    <p class=\"mt-10\">Disfruta de grandes ventajas<\/p>\r\n                                                    <\/div>\r\n                    <\/div>\r\n                <\/div>\r\n                <div class=\"row sr-line\">\r\n                \t                <\/div>\r\n                \r\n            <\/div>\r\n        <\/section>\r\n        <!-- services-area-end -->\r\n\t\t\t\t\t<\/div>\n\t\t\t\t<\/div>\n\t\t\t\t\t\t<\/div>\n\t\t\t\t\t<\/div>\n\t\t<\/div>\n\t\t\t\t\t\t\t\t<\/div>\n\t\t\t\t\t<\/div>\n\t\t<\/section>\n\t\t\t\t\t\t<\/div>\n\t\t\t\t\t\t<\/div>\n\t\t\t\t\t<\/div>\n\t\t","protected":false},"excerpt":{"rendered":"<p>Promoci\u00f3n D\u00e9janos que cuidemos de tu salud. Tenemos preparado para t\u00ed grandes ventajas y beneficios, porque queremos cuidar de nuestros clientes y haceros sentir parte de nuestra gran familia. Farmacia Peralto Linares Y adem\u00e1s&#8230; M\u00e1s promociones Disfruta de grandes ventajas<\/p>\n","protected":false},"author":2,"featured_media":0,"parent":0,"menu_order":0,"comment_status":"closed","ping_status":"closed","template":"","meta":[],"yoast_head":"<!-- This site is optimized with the Yoast SEO plugin v15.8 - https:\/\/yoast.com\/wordpress\/plugins\/seo\/ -->\n<title>Promociones del mes - Farmacia Peralto<\/title>\n<meta name=\"robots\" content=\"index, follow, max-snippet:-1, max-image-preview:large, max-video-preview:-1\" \/>\n<link rel=\"canonical\" href=\"https:\/\/www.peraltosalud.com\/?page_id=733\" \/>\n<meta property=\"og:locale\" content=\"es_ES\" \/>\n<meta property=\"og:type\" content=\"article\" \/>\n<meta property=\"og:title\" content=\"Promociones del mes - Farmacia Peralto\" \/>\n<meta property=\"og:description\" content=\"Promoci\u00f3n D\u00e9janos que cuidemos de tu salud. Tenemos preparado para t\u00ed grandes ventajas y beneficios, porque queremos cuidar de nuestros clientes y haceros sentir parte de nuestra gran familia. Farmacia Peralto Linares Y adem\u00e1s&#8230; M\u00e1s promociones Disfruta de grandes ventajas\" \/>\n<meta property=\"og:url\" content=\"https:\/\/www.peraltosalud.com\/?page_id=733\" \/>\n<meta property=\"og:site_name\" content=\"Farmacia Peralto\" \/>\n<meta property=\"article:modified_time\" content=\"2021-06-23T15:44:34+00:00\" \/>\n<meta name=\"twitter:card\" content=\"summary_large_image\" \/>\n<meta name=\"twitter:label1\" content=\"Est. reading time\">\n\t<meta name=\"twitter:data1\" content=\"2 minutos\">\n<script type=\"application\/ld+json\" class=\"yoast-schema-graph\">{\"@context\":\"https:\/\/schema.org\",\"@graph\":[{\"@type\":\"WebSite\",\"@id\":\"https:\/\/www.peraltosalud.com\/#website\",\"url\":\"https:\/\/www.peraltosalud.com\/\",\"name\":\"Farmacia Peralto\",\"description\":\"Tu farmacia m\\u00e1s cercana en Linares\",\"potentialAction\":[{\"@type\":\"SearchAction\",\"target\":\"https:\/\/www.peraltosalud.com\/?s={search_term_string}\",\"query-input\":\"required name=search_term_string\"}],\"inLanguage\":\"es\"},{\"@type\":\"WebPage\",\"@id\":\"https:\/\/www.peraltosalud.com\/?page_id=733#webpage\",\"url\":\"https:\/\/www.peraltosalud.com\/?page_id=733\",\"name\":\"Promociones del mes - Farmacia Peralto\",\"isPartOf\":{\"@id\":\"https:\/\/www.peraltosalud.com\/#website\"},\"datePublished\":\"2021-02-18T17:17:18+00:00\",\"dateModified\":\"2021-06-23T15:44:34+00:00\",\"breadcrumb\":{\"@id\":\"https:\/\/www.peraltosalud.com\/?page_id=733#breadcrumb\"},\"inLanguage\":\"es\",\"potentialAction\":[{\"@type\":\"ReadAction\",\"target\":[\"https:\/\/www.peraltosalud.com\/?page_id=733\"]}]},{\"@type\":\"BreadcrumbList\",\"@id\":\"https:\/\/www.peraltosalud.com\/?page_id=733#breadcrumb\",\"itemListElement\":[{\"@type\":\"ListItem\",\"position\":1,\"item\":{\"@type\":\"WebPage\",\"@id\":\"https:\/\/www.peraltosalud.com\/\",\"url\":\"https:\/\/www.peraltosalud.com\/\",\"name\":\"Inicio\"}},{\"@type\":\"ListItem\",\"position\":2,\"item\":{\"@type\":\"WebPage\",\"@id\":\"https:\/\/www.peraltosalud.com\/?page_id=733\",\"url\":\"https:\/\/www.peraltosalud.com\/?page_id=733\",\"name\":\"Promociones del mes\"}}]}]}<\/script>\n<!-- \/ Yoast SEO plugin. -->","_links":{"self":[{"href":"https:\/\/www.peraltosalud.com\/index.php?rest_route=\/wp\/v2\/pages\/733"}],"collection":[{"href":"https:\/\/www.peraltosalud.com\/index.php?rest_route=\/wp\/v2\/pages"}],"about":[{"href":"https:\/\/www.peraltosalud.com\/index.php?rest_route=\/wp\/v2\/types\/page"}],"author":[{"embeddable":true,"href":"https:\/\/www.peraltosalud.com\/index.php?rest_route=\/wp\/v2\/users\/2"}],"replies":[{"embeddable":true,"href":"https:\/\/www.peraltosalud.com\/index.php?rest_route=%2Fwp%2Fv2%2Fcomments&post=733"}],"version-history":[{"count":46,"href":"https:\/\/www.peraltosalud.com\/index.php?rest_route=\/wp\/v2\/pages\/733\/revisions"}],"predecessor-version":[{"id":1343,"href":"https:\/\/www.peraltosalud.com\/index.php?rest_route=\/wp\/v2\/pages\/733\/revisions\/1343"}],"wp:attachment":[{"href":"https:\/\/www.peraltosalud.com\/index.php?rest_route=%2Fwp%2Fv2%2Fmedia&parent=733"}],"curies":[{"name":"wp","href":"https:\/\/api.w.org\/{rel}","templated":true}]}}